{"id":25751,"date":"2019-02-09T13:46:19","date_gmt":"2019-02-09T21:46:19","guid":{"rendered":"https:\/\/garciadentalcare.com\/nuestros-servicios\/"},"modified":"2025-10-22T09:19:37","modified_gmt":"2025-10-22T16:19:37","slug":"nuestros-servicios","status":"publish","type":"page","link":"https:\/\/garciadentalcare.com\/es\/nuestros-servicios\/","title":{"rendered":"Nuestros Servicios"},"content":{"rendered":"<p>[et_pb_section fb_built=\u00bb1&#8243; _builder_version=\u00bb4.16&#8243; background_color=\u00bbrgba(0,0,0,0.5)\u00bb background_image=\u00bbhttps:\/\/garciadentalcare.com\/wp-content\/uploads\/2019\/02\/shutterstock_767435083_web.jpg\u00bb background_blend=\u00bboverlay\u00bb global_colors_info=\u00bb{}\u00bb][et_pb_row _builder_version=\u00bb4.16&#8243; global_colors_info=\u00bb{}\u00bb][et_pb_column type=\u00bb4_4&#8243; _builder_version=\u00bb4.16&#8243; custom_padding=\u00bb|||\u00bb global_colors_info=\u00bb{}\u00bb custom_padding__hover=\u00bb|||\u00bb][et_pb_divider show_divider=\u00bboff\u00bb _builder_version=\u00bb4.16&#8243; height=\u00bb400px\u00bb global_colors_info=\u00bb{}\u00bb][\/et_pb_divider][et_pb_text admin_label=\u00bbOUR SERVICES\u00bb _builder_version=\u00bb4.16&#8243; text_font=\u00bb|700|||||||\u00bb text_font_size=\u00bb44px\u00bb text_letter_spacing=\u00bb-2px\u00bb text_line_height=\u00bb1.1em\u00bb background_layout=\u00bbdark\u00bb global_colors_info=\u00bb{}\u00bb]<\/p>\n<p>\nNUESTROS SERVICIOS<\/p>\n<p>[\/et_pb_text][et_pb_divider color=\u00bb#7ea1be\u00bb divider_weight=\u00bb4&#8243; _builder_version=\u00bb4.16&#8243; max_width=\u00bb8%\u00bb module_alignment=\u00bbleft\u00bb height=\u00bb0px\u00bb global_colors_info=\u00bb{}\u00bb][\/et_pb_divider][et_pb_text admin_label=\u00bbImprove your health and smile confidently\u00bb _builder_version=\u00bb4.16&#8243; text_font=\u00bb|300|||||||\u00bb text_font_size=\u00bb32px\u00bb background_layout=\u00bbdark\u00bb global_colors_info=\u00bb{}\u00bb]<\/p>\n<p>\nMejore su salud y sonr\u00eda con confianza.<\/p>\n<p>[\/et_pb_text][\/et_pb_column][\/et_pb_row][\/et_pb_section][et_pb_section fb_built=\u00bb1&#8243; _builder_version=\u00bb4.16&#8243; global_colors_info=\u00bb{}\u00bb][et_pb_row _builder_version=\u00bb4.16&#8243; background_size=\u00bbinitial\u00bb background_position=\u00bbtop_left\u00bb background_repeat=\u00bbrepeat\u00bb global_colors_info=\u00bb{}\u00bb][et_pb_column type=\u00bb4_4&#8243; _builder_version=\u00bb4.16&#8243; custom_padding=\u00bb|||\u00bb global_colors_info=\u00bb{}\u00bb custom_padding__hover=\u00bb|||\u00bb][et_pb_blurb title=\u00bbNuestros Servicios\u00bb admin_label=\u00bbOur Services\u00bb _builder_version=\u00bb4.16&#8243; header_level=\u00bbh2&#8243; header_font=\u00bb|600|||||||\u00bb header_text_color=\u00bb#7ea1be\u00bb text_orientation=\u00bbcenter\u00bb global_colors_info=\u00bb{}\u00bb][\/et_pb_blurb][\/et_pb_column][\/et_pb_row][\/et_pb_section][et_pb_section fb_built=\u00bb1&#8243; module_id=\u00bbservicios\u00bb _builder_version=\u00bb4.16&#8243; inner_width_tablet=\u00bb50px\u00bb inner_max_width_tablet=\u00bb100px\u00bb inner_max_width_phone=\u00bb50px\u00bb z_index_tablet=\u00bb500&#8243; box_shadow_horizontal_tablet=\u00bb0px\u00bb box_shadow_vertical_tablet=\u00bb0px\u00bb box_shadow_blur_tablet=\u00bb40px\u00bb box_shadow_spread_tablet=\u00bb0px\u00bb global_colors_info=\u00bb{}\u00bb][et_pb_row _builder_version=\u00bb4.16&#8243; background_size=\u00bbinitial\u00bb background_position=\u00bbtop_left\u00bb background_repeat=\u00bbrepeat\u00bb global_colors_info=\u00bb{}\u00bb][et_pb_column type=\u00bb4_4&#8243; _builder_version=\u00bb4.16&#8243; custom_padding=\u00bb|||\u00bb global_colors_info=\u00bb{}\u00bb custom_padding__hover=\u00bb|||\u00bb][et_pb_code _builder_version=\u00bb4.16&#8243; z_index_tablet=\u00bb500&#8243; global_colors_info=\u00bb{}\u00bb]<\/p>\n<style type=\"text\/css\"><!-- [et_pb_line_break_holder] -->     #servicios a { display: none; }<!-- [et_pb_line_break_holder] --><\/style>\n<p>[\/et_pb_code][\/et_pb_column][\/et_pb_row][et_pb_row _builder_version=\u00bb4.16&#8243; background_size=\u00bbinitial\u00bb background_position=\u00bbtop_left\u00bb background_repeat=\u00bbrepeat\u00bb global_colors_info=\u00bb{}\u00bb column_structure=\u00bb1_4,1_4,1_4,1_4&#8243;][et_pb_column type=\u00bb1_4&#8243; _builder_version=\u00bb4.16&#8243; custom_padding=\u00bb|||\u00bb global_colors_info=\u00bb{}\u00bb custom_padding__hover=\u00bb|||\u00bb][et_pb_blurb title=\u00bbLimpieza\u00bb image=\u00bbhttp:\/\/garciadentalcare.com\/wp-content\/uploads\/2018\/05\/limpieza.png\u00bb admin_label=\u00bbCleaning\u00bb _builder_version=\u00bb4.16&#8243; header_font=\u00bb|700|||||||\u00bb animation=\u00bboff\u00bb custom_css_blurb_image=\u00bbdisplay: block;||width: 350px;||background: #7EA1BE;||-moz-border-radius: 50%;||-webkit-border-radius: 50%;\u00bb border_color_all_image=\u00bb#7ea1be\u00bb global_colors_info=\u00bb{}\u00bb]<\/p>\n<p>\nParte importante de la higiene oral. Es la eliminaci\u00f3n de placa dental, para ayudar a prevenir la gingivitis, la enfermedad periodontal&#8230;<\/p>\n<p><a href=\"#\">Saber m\u00e1s &gt;&gt;<\/a><\/p>\n<p>[\/et_pb_blurb][\/et_pb_column][et_pb_column type=\u00bb1_4&#8243; _builder_version=\u00bb4.16&#8243; custom_padding=\u00bb|||\u00bb global_colors_info=\u00bb{}\u00bb custom_padding__hover=\u00bb|||\u00bb][et_pb_blurb title=\u00bbEndodoncias\u00bb image=\u00bbhttp:\/\/garciadentalcare.com\/wp-content\/uploads\/2018\/05\/endodoncia.png\u00bb admin_label=\u00bbRoot Canals\u00bb _builder_version=\u00bb4.16&#8243; header_font=\u00bb|700|||||||\u00bb animation=\u00bboff\u00bb custom_css_blurb_image=\u00bbdisplay: block;||width: 350px;||background: #7EA1BE;||-moz-border-radius: 50%;||-webkit-border-radius: 50%;\u00bb border_color_all_image=\u00bb#7ea1be\u00bb global_colors_info=\u00bb{}\u00bb]<\/p>\n<p>\nEste tratamiento es un procedimiento a menudo sencillo para aliviar el dolor dental y salvar sus dientes &#8230;<\/p>\n<p><a href=\"#\">Saber m\u00e1s &gt;&gt;<\/a><\/p>\n<p>[\/et_pb_blurb][\/et_pb_column][et_pb_column type=\u00bb1_4&#8243; _builder_version=\u00bb4.16&#8243; custom_padding=\u00bb|||\u00bb global_colors_info=\u00bb{}\u00bb custom_padding__hover=\u00bb|||\u00bb][et_pb_blurb title=\u00bbCuretajes Cerrados\u00bb image=\u00bbhttps:\/\/garciadentalcare.com\/wp-content\/uploads\/2018\/05\/curetaje-cerrado.png\u00bb admin_label=\u00bbClosed Curettages\u00bb _builder_version=\u00bb4.16&#8243; header_font=\u00bb|700|||||||\u00bb animation=\u00bboff\u00bb custom_css_blurb_image=\u00bbdisplay: block;||width: 350px;||background: #7EA1BE;||-moz-border-radius: 50%;||-webkit-border-radius: 50%;\u00bb border_color_all_image=\u00bb#7ea1be\u00bb global_colors_info=\u00bb{}\u00bb]<\/p>\n<p>\nTratamientos periodontales donde se limpia el tejido blando de las bolsas periodontales mediante la eliminaci\u00f3n del sarro y las bacterias. El legrado se realiza con anestesia local para evitar el dolor dependiendo del tipo de legrado, cerrado o abierto. Si se realiza un procedimiento de curetaje abierto, el revestimiento se levanta para eliminar el sarro en la ra\u00edz del diente.<\/p>\n<p><a href=\"#\">Saber m\u00e1s &gt;&gt;<\/a><\/p>\n<p>[\/et_pb_blurb][\/et_pb_column][et_pb_column type=\u00bb1_4&#8243; _builder_version=\u00bb4.16&#8243; custom_padding=\u00bb|||\u00bb global_colors_info=\u00bb{}\u00bb custom_padding__hover=\u00bb|||\u00bb][et_pb_blurb title=\u00bbCuretajes Abiertos\u00bb image=\u00bbhttps:\/\/garciadentalcare.com\/wp-content\/uploads\/2018\/05\/curetaje-abierto.png\u00bb admin_label=\u00bbOpen Curettages\u00bb _builder_version=\u00bb4.16&#8243; header_font=\u00bb|700|||||||\u00bb animation=\u00bboff\u00bb custom_css_blurb_image=\u00bbdisplay: block;||width: 350px;||background: #7EA1BE;||-moz-border-radius: 50%;||-webkit-border-radius: 50%;\u00bb border_color_all_image=\u00bb#7ea1be\u00bb global_colors_info=\u00bb{}\u00bb]<\/p>\n<p>\nTratamientos periodontales donde se limpia el tejido blando de las bolsas periodontales mediante la eliminaci\u00f3n del sarro y las bacterias. El legrado se realiza con anestesia local para evitar el dolor dependiendo del tipo de legrado, cerrado o abierto. Si se realiza un procedimiento de curetaje abierto, el revestimiento se levanta para eliminar el sarro en la ra\u00edz del diente.<\/p>\n<p><a href=\"#\">Saber m\u00e1s &gt;&gt;<\/a><\/p>\n<p>[\/et_pb_blurb][\/et_pb_column][\/et_pb_row][et_pb_row _builder_version=\u00bb4.16&#8243; background_size=\u00bbinitial\u00bb background_position=\u00bbtop_left\u00bb background_repeat=\u00bbrepeat\u00bb global_colors_info=\u00bb{}\u00bb column_structure=\u00bb1_4,1_4,1_4,1_4&#8243;][et_pb_column type=\u00bb1_4&#8243; _builder_version=\u00bb4.16&#8243; custom_padding=\u00bb|||\u00bb global_colors_info=\u00bb{}\u00bb custom_padding__hover=\u00bb|||\u00bb][et_pb_blurb title=\u00bbBlanqueamiento en Oficina\u00bb image=\u00bbhttps:\/\/garciadentalcare.com\/wp-content\/uploads\/2018\/05\/blancamiento-consultorio.png\u00bb admin_label=\u00bbWhitening in Office\u00bb _builder_version=\u00bb4.16&#8243; header_font=\u00bb|700|||||||\u00bb animation=\u00bboff\u00bb custom_css_blurb_image=\u00bbdisplay: block;||width: 350px;||background: #7EA1BE;||-moz-border-radius: 50%;||-webkit-border-radius: 50%;\u00bb border_color_all_image=\u00bb#7ea1be\u00bb global_colors_info=\u00bb{}\u00bb]<\/p>\n<p>\nEl prop\u00f3sito del blanqueamiento es cambiar el color natural del diente y eliminar las manchas superficiales. La diferencia entre el blanqueamiento en el hogar y en el consultorio dental es el tiempo. El tratamiento toma menos tiempo cuando es realizado por el dentista.<\/p>\n<p><a href=\"#\">Saber m\u00e1s &gt;&gt;<\/a><\/p>\n<p>[\/et_pb_blurb][\/et_pb_column][et_pb_column type=\u00bb1_4&#8243; _builder_version=\u00bb4.16&#8243; custom_padding=\u00bb|||\u00bb global_colors_info=\u00bb{}\u00bb custom_padding__hover=\u00bb|||\u00bb][et_pb_blurb title=\u00bbBlanqueamiento en Casa\u00bb image=\u00bbhttps:\/\/garciadentalcare.com\/wp-content\/uploads\/2018\/05\/blancamiento-casa.png\u00bb admin_label=\u00bbWhitening\u00bb _builder_version=\u00bb4.16&#8243; header_font=\u00bb|700|||||||\u00bb animation=\u00bboff\u00bb custom_css_blurb_image=\u00bbdisplay: block;||width: 350px;||background: #7EA1BE;||-moz-border-radius: 50%;||-webkit-border-radius: 50%;\u00bb border_color_all_image=\u00bb#7ea1be\u00bb global_colors_info=\u00bb{}\u00bb]<\/p>\n<p>\nEl prop\u00f3sito del blanqueamiento es cambiar el color natural del diente y eliminar las manchas superficiales. La diferencia entre el blanqueamiento en el hogar y en el consultorio dental es el tiempo. El tratamiento toma menos tiempo cuando es realizado por el dentista.<\/p>\n<p><a href=\"#\">Saber m\u00e1s &gt;&gt;<\/a><\/p>\n<p>[\/et_pb_blurb][\/et_pb_column][et_pb_column type=\u00bb1_4&#8243; _builder_version=\u00bb4.16&#8243; custom_padding=\u00bb|||\u00bb global_colors_info=\u00bb{}\u00bb custom_padding__hover=\u00bb|||\u00bb][et_pb_blurb title=\u00bbCoronas de metal y porcelana\u00bb image=\u00bbhttps:\/\/garciadentalcare.com\/wp-content\/uploads\/2018\/05\/corona-metal.png\u00bb admin_label=\u00bbMetal-Porcelain Crowns\u00bb _builder_version=\u00bb4.16&#8243; header_font=\u00bb|700|||||||\u00bb animation=\u00bboff\u00bb custom_css_blurb_image=\u00bbdisplay: block;||width: 350px;||background: #7EA1BE;||-moz-border-radius: 50%;||-webkit-border-radius: 50%;\u00bb border_color_all_image=\u00bb#7ea1be\u00bb global_colors_info=\u00bb{}\u00bb]<\/p>\n<p>\nEstos tipos de coronas se usan cuando falta parte del diente o est\u00e1 fracturada. Proporcionan est\u00e9tica y fuerza.<\/p>\n<p><a href=\"#\">Saber m\u00e1s &gt;&gt;<\/a><\/p>\n<p>[\/et_pb_blurb][\/et_pb_column][et_pb_column type=\u00bb1_4&#8243; _builder_version=\u00bb4.16&#8243; custom_padding=\u00bb|||\u00bb global_colors_info=\u00bb{}\u00bb custom_padding__hover=\u00bb|||\u00bb][et_pb_blurb title=\u00bbCoronas de Cer\u00e1mica Libres de Metal\u00bb image=\u00bbhttps:\/\/garciadentalcare.com\/wp-content\/uploads\/2018\/05\/corona.png\u00bb admin_label=\u00bbCeramic Crowns Free of Metal\u00bb _builder_version=\u00bb4.16&#8243; header_font=\u00bb|700|||||||\u00bb animation=\u00bboff\u00bb custom_css_blurb_image=\u00bbdisplay: block;||width: 350px;||background: #7EA1BE;||-moz-border-radius: 50%;||-webkit-border-radius: 50%;\u00bb border_color_all_image=\u00bb#7ea1be\u00bb global_colors_info=\u00bb{}\u00bb]<\/p>\n<p>\nLas coronas de este tipo de material reemplazan la p\u00e9rdida de la estructura dental. Son una soluci\u00f3n fija y duradera.<\/p>\n<p><a href=\"#\">Saber m\u00e1s &gt;&gt;<\/a><\/p>\n<p>[\/et_pb_blurb][\/et_pb_column][\/et_pb_row][et_pb_row _builder_version=\u00bb4.16&#8243; global_colors_info=\u00bb{}\u00bb column_structure=\u00bb1_4,1_4,1_4,1_4&#8243;][et_pb_column type=\u00bb1_4&#8243; _builder_version=\u00bb4.16&#8243; custom_padding=\u00bb|||\u00bb global_colors_info=\u00bb{}\u00bb custom_padding__hover=\u00bb|||\u00bb][et_pb_blurb title=\u00bbCoronas de Zirconia\u00bb image=\u00bbhttps:\/\/garciadentalcare.com\/wp-content\/uploads\/2018\/05\/corona-zirconia.png\u00bb admin_label=\u00bbZirconia Crowns\u00bb _builder_version=\u00bb4.16&#8243; header_font=\u00bb|700|||||||\u00bb animation=\u00bboff\u00bb custom_css_blurb_image=\u00bbdisplay: block;||width: 350px;||background: #7EA1BE;||-moz-border-radius: 50%;||-webkit-border-radius: 50%;\u00bb border_color_all_image=\u00bb#7ea1be\u00bb global_colors_info=\u00bb{}\u00bb]<\/p>\n<p>\nEstas coronas cumplen la misma funci\u00f3n que las anteriores, reemplazan la p\u00e9rdida de la estructura dental, pero se consideran m\u00e1s est\u00e9ticas debido a su similitud con el diente.<\/p>\n<p><a href=\"#\">Saber m\u00e1s &gt;&gt;<\/a><\/p>\n<p>[\/et_pb_blurb][\/et_pb_column][et_pb_column type=\u00bb1_4&#8243; _builder_version=\u00bb4.16&#8243; custom_padding=\u00bb|||\u00bb global_colors_info=\u00bb{}\u00bb custom_padding__hover=\u00bb|||\u00bb][et_pb_blurb title=\u00bbDentaduras Completas\u00bb image=\u00bbhttps:\/\/garciadentalcare.com\/wp-content\/uploads\/2018\/05\/dentadura-completa.png\u00bb admin_label=\u00bbComplete Dentures\u00bb _builder_version=\u00bb4.16&#8243; header_font=\u00bb|700|||||||\u00bb animation=\u00bboff\u00bb custom_css_blurb_image=\u00bbdisplay: block;||width: 350px;||background: #7EA1BE;||-moz-border-radius: 50%;||-webkit-border-radius: 50%;\u00bb border_color_all_image=\u00bb#7ea1be\u00bb global_colors_info=\u00bb{}\u00bb]<\/p>\n<p>\nLas dentaduras postizas completas y los parches removibles son un reemplazo removible para los dientes perdidos y las dentaduras postizas &#8230;<\/p>\n<p><a href=\"#\">Saber m\u00e1s &gt;&gt;<\/a><\/p>\n<p>[\/et_pb_blurb][\/et_pb_column][et_pb_column type=\u00bb1_4&#8243; _builder_version=\u00bb4.16&#8243; custom_padding=\u00bb|||\u00bb global_colors_info=\u00bb{}\u00bb custom_padding__hover=\u00bb|||\u00bb][et_pb_blurb title=\u00bbDentaduras Parciales Removibles\u00bb image=\u00bbhttps:\/\/garciadentalcare.com\/wp-content\/uploads\/2018\/07\/removible.png\u00bb admin_label=\u00bbRemovable Partial Dentures\u00bb _builder_version=\u00bb4.16&#8243; header_font=\u00bb|700|||||||\u00bb animation=\u00bboff\u00bb custom_css_blurb_image=\u00bbdisplay: block;||width: 350px;||background: #7EA1BE;||-moz-border-radius: 50%;||-webkit-border-radius: 50%;\u00bb border_color_all_image=\u00bb#7ea1be\u00bb global_colors_info=\u00bb{}\u00bb]<\/p>\n<p>\nLas dentaduras postizas completas y los parches removibles son reemplazables por los dientes perdidos &#8230;<\/p>\n<p><a href=\"#\">Saber m\u00e1s &gt;&gt;<\/a><\/p>\n<p>[\/et_pb_blurb][\/et_pb_column][et_pb_column type=\u00bb1_4&#8243; _builder_version=\u00bb4.16&#8243; custom_padding=\u00bb|||\u00bb global_colors_info=\u00bb{}\u00bb custom_padding__hover=\u00bb|||\u00bb][et_pb_blurb title=\u00bbPuentes Fijos\u00bb image=\u00bbhttps:\/\/garciadentalcare.com\/wp-content\/uploads\/2018\/05\/puente.png\u00bb admin_label=\u00bbFixed Bridges\u00bb _builder_version=\u00bb4.16&#8243; header_font=\u00bb|700|||||||\u00bb animation=\u00bboff\u00bb custom_css_blurb_image=\u00bbdisplay: block;||width: 350px;||background: #7EA1BE;||-moz-border-radius: 50%;||-webkit-border-radius: 50%;\u00bb border_color_all_image=\u00bb#7ea1be\u00bb global_colors_info=\u00bb{}\u00bb]<\/p>\n<p>\nEl puente fijo es una restauraci\u00f3n dental, que se adjunta a los dientes naturales o implantes que rodean este espacio &#8230;<\/p>\n<p><a href=\"#\">Saber m\u00e1s &gt;&gt;<\/a><\/p>\n<p>[\/et_pb_blurb][\/et_pb_column][\/et_pb_row][et_pb_row _builder_version=\u00bb4.16&#8243; global_colors_info=\u00bb{}\u00bb column_structure=\u00bb1_4,1_4,1_4,1_4&#8243;][et_pb_column type=\u00bb1_4&#8243; _builder_version=\u00bb4.16&#8243; custom_padding=\u00bb|||\u00bb global_colors_info=\u00bb{}\u00bb custom_padding__hover=\u00bb|||\u00bb][et_pb_blurb title=\u00bbEmpastes Compuestos\u00bb image=\u00bbhttps:\/\/garciadentalcare.com\/wp-content\/uploads\/2018\/05\/resina.png\u00bb admin_label=\u00bbComposite Fillings\u00bb _builder_version=\u00bb4.16&#8243; header_font=\u00bb|700|||||||\u00bb animation=\u00bboff\u00bb custom_css_blurb_image=\u00bbdisplay: block;||width: 350px;||background: #7EA1BE;||-moz-border-radius: 50%;||-webkit-border-radius: 50%;\u00bb border_color_all_image=\u00bb#7ea1be\u00bb global_colors_info=\u00bb{}\u00bb]<\/p>\n<p>\nRellenos del color del diente utilizados para cubrir o reparar dientes fracturados o cariados despu\u00e9s de una limpieza profunda y extracci\u00f3n de la cavidad.<\/p>\n<p><a href=\"#\">Saber m\u00e1s &gt;&gt;<\/a><\/p>\n<p>[\/et_pb_blurb][\/et_pb_column][et_pb_column type=\u00bb1_4&#8243; _builder_version=\u00bb4.16&#8243; custom_padding=\u00bb|||\u00bb global_colors_info=\u00bb{}\u00bb custom_padding__hover=\u00bb|||\u00bb][et_pb_blurb title=\u00bbExtracciones\u00bb image=\u00bbhttps:\/\/garciadentalcare.com\/wp-content\/uploads\/2018\/05\/extraccio\u0301n.png\u00bb admin_label=\u00bbExtractions\u00bb _builder_version=\u00bb4.16&#8243; header_font=\u00bb|700|||||||\u00bb animation=\u00bboff\u00bb custom_css_blurb_image=\u00bbdisplay: block;||width: 350px;||background: #7EA1BE;||-moz-border-radius: 50%;||-webkit-border-radius: 50%;\u00bb border_color_all_image=\u00bb#7ea1be\u00bb global_colors_info=\u00bb{}\u00bb]<\/p>\n<p>\nLa extracci\u00f3n es la extracci\u00f3n de los dientes. Los dientes que est\u00e1n rotos, debajo de la superficie o impactados requieren m\u00e1s &#8230;<\/p>\n<p><a href=\"#\">Saber m\u00e1s &gt;&gt;<\/a><\/p>\n<p>[\/et_pb_blurb][\/et_pb_column][et_pb_column type=\u00bb1_4&#8243; _builder_version=\u00bb4.16&#8243; custom_padding=\u00bb|||\u00bb global_colors_info=\u00bb{}\u00bb custom_padding__hover=\u00bb|||\u00bb][et_pb_blurb title=\u00bbRayos-X\u00bb image=\u00bbhttps:\/\/garciadentalcare.com\/wp-content\/uploads\/2018\/07\/rayos-x.png\u00bb admin_label=\u00bbX-Ray\u00bb _builder_version=\u00bb4.16&#8243; header_font=\u00bb|700|||||||\u00bb animation=\u00bboff\u00bb custom_css_blurb_image=\u00bbdisplay: block;||width: 350px;||background: #7EA1BE;||-moz-border-radius: 50%;||-webkit-border-radius: 50%;\u00bb border_color_all_image=\u00bb#7ea1be\u00bb global_colors_info=\u00bb{}\u00bb]<\/p>\n<p>\nUna herramienta de diagn\u00f3stico \u00fatil, para detectar da\u00f1os y enfermedades no visibles durante un examen dental regular.<\/p>\n<p><a href=\"#\">Saber m\u00e1s &gt;&gt;<\/a><\/p>\n<p>[\/et_pb_blurb][\/et_pb_column][et_pb_column type=\u00bb1_4&#8243; _builder_version=\u00bb4.16&#8243; custom_padding=\u00bb|||\u00bb global_colors_info=\u00bb{}\u00bb custom_padding__hover=\u00bb|||\u00bb][et_pb_blurb title=\u00bbImplantes\u00bb image=\u00bbhttps:\/\/garciadentalcare.com\/wp-content\/uploads\/2018\/05\/implante.png\u00bb admin_label=\u00bbImplants\u00bb _builder_version=\u00bb4.16&#8243; header_font=\u00bb|700|||||||\u00bb animation=\u00bboff\u00bb custom_css_blurb_image=\u00bbdisplay: block;||width: 350px;||background: #7EA1BE;||-moz-border-radius: 50%;||-webkit-border-radius: 50%;\u00bb border_color_all_image=\u00bb#7ea1be\u00bb global_colors_info=\u00bb{}\u00bb]<\/p>\n<p>\nEl implante es un componente quir\u00fargico que interact\u00faa con el hueso de la mand\u00edbula o el cr\u00e1neo para sostener una corona dental, un puente &#8230;<\/p>\n<p><a href=\"#\">Saber m\u00e1s &gt;&gt;<\/a><\/p>\n<p>[\/et_pb_blurb][\/et_pb_column][\/et_pb_row][et_pb_row _builder_version=\u00bb4.16&#8243; global_colors_info=\u00bb{}\u00bb column_structure=\u00bb1_4,1_4,1_4,1_4&#8243;][et_pb_column type=\u00bb1_4&#8243; _builder_version=\u00bb4.16&#8243; custom_padding=\u00bb|||\u00bb global_colors_info=\u00bb{}\u00bb custom_padding__hover=\u00bb|||\u00bb][et_pb_blurb title=\u00bbOrtodoncia\u00bb image=\u00bbhttp:\/\/garciadentalcare.com\/wp-content\/uploads\/2025\/10\/ortodoncia.png\u00bb admin_label=\u00bbApicectomies\u00bb _builder_version=\u00bb4.27.4&#8243; header_font=\u00bb|700|||||||\u00bb animation=\u00bboff\u00bb hover_enabled=\u00bb0&#8243; custom_css_blurb_image=\u00bbdisplay: block;||width: 350px;||background: #7EA1BE;||-moz-border-radius: 50%;||-webkit-border-radius: 50%;\u00bb border_color_all_image=\u00bb#7ea1be\u00bb global_colors_info=\u00bb{}\u00bb locked=\u00bboff\u00bb sticky_enabled=\u00bb0&#8243;]<\/p>\n<p><span>El tratamiento de ortodoncia alinea y endereza los dientes para mejorar tanto la funci\u00f3n como la apariencia. Mediante el uso de brackets modernos y alineadores transparentes, corrige problemas como el api\u00f1amiento, los espacios y las irregularidades en la mordida, ayudando a lograr una sonrisa m\u00e1s saludable y confiada.<\/span><\/p>\n<p><a href=\"#\">Learn more &gt;&gt;<\/a><\/p>\n<p>[\/et_pb_blurb][\/et_pb_column][et_pb_column type=\u00bb1_4&#8243; _builder_version=\u00bb4.16&#8243; custom_padding=\u00bb|||\u00bb global_colors_info=\u00bb{}\u00bb custom_padding__hover=\u00bb|||\u00bb][et_pb_blurb title=\u00bbImplantes %22All in 4%22&#8243; image=\u00bbhttps:\/\/garciadentalcare.com\/wp-content\/uploads\/2018\/07\/all-in-4.png\u00bb admin_label=\u00bb%22All in 4%22 Implants\u00bb _builder_version=\u00bb4.16&#8243; header_font=\u00bb|700|||||||\u00bb animation=\u00bboff\u00bb custom_css_blurb_image=\u00bbdisplay: block;||width: 350px;||background: #7EA1BE;||-moz-border-radius: 50%;||-webkit-border-radius: 50%;\u00bb border_color_all_image=\u00bb#7ea1be\u00bb global_colors_info=\u00bb{}\u00bb]<\/p>\n<p>\nUn arco lleno de dientes, cuatro implantes dentales, se convierte en parte del hueso de la mand\u00edbula y sirve como un fuerte y duradero &#8230;<\/p>\n<p><a href=\"#\">Saber m\u00e1s &gt;&gt;<\/a><\/p>\n<p>[\/et_pb_blurb][\/et_pb_column][et_pb_column type=\u00bb1_4&#8243; _builder_version=\u00bb4.16&#8243; custom_padding=\u00bb|||\u00bb global_colors_info=\u00bb{}\u00bb custom_padding__hover=\u00bb|||\u00bb][et_pb_blurb title=\u00bbApicectom\u00edas\u00bb image=\u00bbhttp:\/\/garciadentalcare.com\/wp-content\/uploads\/2018\/05\/apicectomia.png\u00bb admin_label=\u00bbApicectomies\u00bb _builder_version=\u00bb4.16&#8243; header_font=\u00bb|700|||||||\u00bb animation=\u00bboff\u00bb custom_css_blurb_image=\u00bbdisplay: block;||width: 350px;||background: #7EA1BE;||-moz-border-radius: 50%;||-webkit-border-radius: 50%;\u00bb border_color_all_image=\u00bb#7ea1be\u00bb global_colors_info=\u00bb{}\u00bb]<\/p>\n<p>\nEs un procedimiento quir\u00fargico cuyo objetivo es eliminar la infecci\u00f3n que afecta la ra\u00edz de un diente y &#8230;<\/p>\n<p><a href=\"#\">Saber m\u00e1s &gt;&gt;<\/a><\/p>\n<p>[\/et_pb_blurb][\/et_pb_column][et_pb_column type=\u00bb1_4&#8243; _builder_version=\u00bb4.16&#8243; custom_padding=\u00bb|||\u00bb global_colors_info=\u00bb{}\u00bb custom_padding__hover=\u00bb|||\u00bb][\/et_pb_column][\/et_pb_row][\/et_pb_section]<\/p>\n","protected":false},"excerpt":{"rendered":"<p>NUESTROS SERVICIOS Mejore su salud y sonr\u00eda con confianza. Parte importante de la higiene oral. Es la eliminaci\u00f3n de placa dental, para ayudar a prevenir la gingivitis, la enfermedad periodontal&#8230; Saber m\u00e1s &gt;&gt; Este tratamiento es un procedimiento a menudo sencillo para aliviar el dolor dental y salvar sus dientes &#8230; Saber m\u00e1s &gt;&gt; Tratamientos [&hellip;]<\/p>\n","protected":false},"author":1,"featured_media":0,"parent":0,"menu_order":0,"comment_status":"closed","ping_status":"closed","template":"","meta":{"_et_pb_use_builder":"on","_et_pb_old_content":"","_et_gb_content_width":"","footnotes":""},"class_list":["post-25751","page","type-page","status-publish","hentry"],"_links":{"self":[{"href":"https:\/\/garciadentalcare.com\/es\/wp-json\/wp\/v2\/pages\/25751","targetHints":{"allow":["GET"]}}],"collection":[{"href":"https:\/\/garciadentalcare.com\/es\/wp-json\/wp\/v2\/pages"}],"about":[{"href":"https:\/\/garciadentalcare.com\/es\/wp-json\/wp\/v2\/types\/page"}],"author":[{"embeddable":true,"href":"https:\/\/garciadentalcare.com\/es\/wp-json\/wp\/v2\/users\/1"}],"replies":[{"embeddable":true,"href":"https:\/\/garciadentalcare.com\/es\/wp-json\/wp\/v2\/comments?post=25751"}],"version-history":[{"count":4,"href":"https:\/\/garciadentalcare.com\/es\/wp-json\/wp\/v2\/pages\/25751\/revisions"}],"predecessor-version":[{"id":27219,"href":"https:\/\/garciadentalcare.com\/es\/wp-json\/wp\/v2\/pages\/25751\/revisions\/27219"}],"wp:attachment":[{"href":"https:\/\/garciadentalcare.com\/es\/wp-json\/wp\/v2\/media?parent=25751"}],"curies":[{"name":"wp","href":"https:\/\/api.w.org\/{rel}","templated":true}]}}