{"id":25753,"date":"2019-02-09T13:48:16","date_gmt":"2019-02-09T21:48:16","guid":{"rendered":"https:\/\/garciadentalcare.com\/salud-dental\/"},"modified":"2019-02-19T10:45:15","modified_gmt":"2019-02-19T18:45:15","slug":"salud-dental","status":"publish","type":"page","link":"http:\/\/garciadentalcare.com\/es\/salud-dental\/","title":{"rendered":"Salud Dental"},"content":{"rendered":"<p>[et_pb_section bb_built=\u00bb1&#8243; next_background_color=\u00bb#ffffff\u00bb _builder_version=\u00bb3.19.15&#8243; background_color=\u00bbrgba(0,0,0,0.5)\u00bb background_image=\u00bbhttps:\/\/garciadentalcare.com\/wp-content\/uploads\/2019\/02\/GarciaDental_94422725.jpg\u00bb background_blend=\u00bboverlay\u00bb][et_pb_row _builder_version=\u00bb3.19.12&#8243;][et_pb_column type=\u00bb4_4&#8243;][et_pb_divider _builder_version=\u00bb3.19.12&#8243; show_divider=\u00bboff\u00bb height=\u00bb400&#8243; \/][et_pb_text admin_label=\u00bbDENTAL HEALTH\u00bb _builder_version=\u00bb3.19.12&#8243; text_font_size=\u00bb44px\u00bb text_font=\u00bb|700|||||||\u00bb background_layout=\u00bbdark\u00bb text_letter_spacing=\u00bb-2px\u00bb text_line_height=\u00bb1.1em\u00bb]<\/p>\n<p>SALUD DENTAL<\/p>\n<p>[\/et_pb_text][et_pb_divider _builder_version=\u00bb3.19.12&#8243; color=\u00bb#7ea1be\u00bb max_width=\u00bb8%\u00bb module_alignment=\u00bbleft\u00bb divider_weight=\u00bb4&#8243; \/][et_pb_text admin_label=\u00bbHealth cues from your mouth\u00bb _builder_version=\u00bb3.19.12&#8243; background_layout=\u00bbdark\u00bb text_font=\u00bb|300|||||||\u00bb text_font_size=\u00bb32px\u00bb]<\/p>\n<p>Se\u00f1ales de mala salud de tu boca<\/p>\n<p>[\/et_pb_text][\/et_pb_column][\/et_pb_row][\/et_pb_section][et_pb_section bb_built=\u00bb1&#8243; fullwidth=\u00bboff\u00bb specialty=\u00bboff\u00bb prev_background_color=\u00bbrgba(0,0,0,0.5)\u00bb][et_pb_row][et_pb_column type=\u00bb4_4&#8243;][et_pb_blurb admin_label=\u00bbDental Health\u00bb _builder_version=\u00bb3.19.12&#8243; title=\u00bbSalud Dental\u00bb text_orientation=\u00bbcenter\u00bb header_level=\u00bbh2&#8243; header_text_color=\u00bb#7ea1be\u00bb header_font=\u00bb|700|||||||\u00bb \/][et_pb_text _builder_version=\u00bb3.19.12&#8243; text_orientation=\u00bbjustified\u00bb]<\/p>\n<p>\u00bfC\u00f3mo monitoreas tu salud? Lo ideal seria que visitaramos a nuestro dentista cada 6 meses para un chequeo y \/ o limpieza, pero muy pocas personas lo hacen. La higiene dental es m\u00e1s que tener una bonita sonrisa; en realidad puede ayudarnos a rastrear anomal\u00edas y controlar nuestra salud general. S\u00ed, tus dientes podr\u00edan estar tratando de decirte algo. A continuaci\u00f3n una lista que puede ayudarnos a detectar a tiempo cualquier enfermedad que podamos tener.<\/p>\n<p>[\/et_pb_text][\/et_pb_column][\/et_pb_row][\/et_pb_section]<\/p>\n","protected":false},"excerpt":{"rendered":"<p>SALUD DENTAL Se\u00f1ales de mala salud de tu boca <div class=\"et_pb_row et_pb_row_0 et_pb_row_empty\">\n\t\t\t\t\n\t\t\t\t\n\t\t\t\t\n\t\t\t\t\n\t\t\t\t\n\t\t\t<\/div> \u00bfC\u00f3mo monitoreas tu salud? Lo ideal seria que visitaramos a nuestro dentista cada 6 meses para un chequeo y \/ o limpieza, pero muy pocas personas lo hacen. La higiene dental es m\u00e1s que tener una bonita sonrisa; en realidad puede ayudarnos a rastrear anomal\u00edas [&hellip;]<\/p>\n","protected":false},"author":1,"featured_media":0,"parent":0,"menu_order":0,"comment_status":"closed","ping_status":"closed","template":"","meta":{"_et_pb_use_builder":"on","_et_pb_old_content":"","_et_gb_content_width":"","footnotes":""},"class_list":["post-25753","page","type-page","status-publish","hentry"],"_links":{"self":[{"href":"http:\/\/garciadentalcare.com\/es\/wp-json\/wp\/v2\/pages\/25753","targetHints":{"allow":["GET"]}}],"collection":[{"href":"http:\/\/garciadentalcare.com\/es\/wp-json\/wp\/v2\/pages"}],"about":[{"href":"http:\/\/garciadentalcare.com\/es\/wp-json\/wp\/v2\/types\/page"}],"author":[{"embeddable":true,"href":"http:\/\/garciadentalcare.com\/es\/wp-json\/wp\/v2\/users\/1"}],"replies":[{"embeddable":true,"href":"http:\/\/garciadentalcare.com\/es\/wp-json\/wp\/v2\/comments?post=25753"}],"version-history":[{"count":3,"href":"http:\/\/garciadentalcare.com\/es\/wp-json\/wp\/v2\/pages\/25753\/revisions"}],"predecessor-version":[{"id":25822,"href":"http:\/\/garciadentalcare.com\/es\/wp-json\/wp\/v2\/pages\/25753\/revisions\/25822"}],"wp:attachment":[{"href":"http:\/\/garciadentalcare.com\/es\/wp-json\/wp\/v2\/media?parent=25753"}],"curies":[{"name":"wp","href":"https:\/\/api.w.org\/{rel}","templated":true}]}}