{"id":25744,"date":"2019-02-09T13:20:36","date_gmt":"2019-02-09T21:20:36","guid":{"rendered":"https:\/\/garciadentalcare.com\/faq\/"},"modified":"2025-10-30T18:37:56","modified_gmt":"2025-10-31T01:37:56","slug":"faq","status":"publish","type":"page","link":"http:\/\/garciadentalcare.com\/es\/faq\/","title":{"rendered":"FAQ"},"content":{"rendered":"<p>[et_pb_section fb_built=\u00bb1&#8243; _builder_version=\u00bb4.16&#8243; background_color=\u00bbrgba(0,0,0,0.5)\u00bb background_image=\u00bbhttps:\/\/garciadentalcare.com\/wp-content\/uploads\/2019\/02\/faq_web.jpg\u00bb background_blend=\u00bboverlay\u00bb global_colors_info=\u00bb{}\u00bb][et_pb_row _builder_version=\u00bb4.16&#8243; global_colors_info=\u00bb{}\u00bb][et_pb_column type=\u00bb4_4&#8243; _builder_version=\u00bb4.16&#8243; custom_padding=\u00bb|||\u00bb global_colors_info=\u00bb{}\u00bb custom_padding__hover=\u00bb|||\u00bb][et_pb_divider show_divider=\u00bboff\u00bb _builder_version=\u00bb4.16&#8243; height=\u00bb400px\u00bb global_colors_info=\u00bb{}\u00bb][\/et_pb_divider][et_pb_text admin_label=\u00bbFAQ\u00bb _builder_version=\u00bb4.16&#8243; text_font=\u00bb|700|||||||\u00bb text_font_size=\u00bb44px\u00bb text_letter_spacing=\u00bb-2px\u00bb text_line_height=\u00bb1.1em\u00bb background_layout=\u00bbdark\u00bb global_colors_info=\u00bb{}\u00bb]<\/p>\n<p>FAQ<\/p>\n<p>[\/et_pb_text][et_pb_divider color=\u00bb#7ea1be\u00bb divider_weight=\u00bb4&#8243; _builder_version=\u00bb4.16&#8243; max_width=\u00bb8%\u00bb module_alignment=\u00bbleft\u00bb global_colors_info=\u00bb{}\u00bb][\/et_pb_divider][et_pb_text admin_label=\u00bbFrequently Asked Questions\u00bb _builder_version=\u00bb4.16&#8243; text_font=\u00bb|300|||||||\u00bb text_font_size=\u00bb32px\u00bb background_layout=\u00bbdark\u00bb global_colors_info=\u00bb{}\u00bb]Preguntas y Respuestas<br \/>\n[\/et_pb_text][\/et_pb_column][\/et_pb_row][\/et_pb_section][et_pb_section fb_built=\u00bb1&#8243; _builder_version=\u00bb4.16&#8243; global_colors_info=\u00bb{}\u00bb][et_pb_row _builder_version=\u00bb4.16&#8243; background_size=\u00bbinitial\u00bb background_position=\u00bbtop_left\u00bb background_repeat=\u00bbrepeat\u00bb global_colors_info=\u00bb{}\u00bb][et_pb_column type=\u00bb4_4&#8243; _builder_version=\u00bb4.16&#8243; custom_padding=\u00bb|||\u00bb global_colors_info=\u00bb{}\u00bb custom_padding__hover=\u00bb|||\u00bb][et_pb_blurb title=\u00bbPreguntas y Respuestas\u00bb admin_label=\u00bbFrequently  Asked Questions\u00bb _builder_version=\u00bb4.16&#8243; header_level=\u00bbh2&#8243; header_text_align=\u00bbcenter\u00bb header_text_color=\u00bb#7ea1be\u00bb text_orientation=\u00bbcenter\u00bb global_colors_info=\u00bb{}\u00bb][\/et_pb_blurb][\/et_pb_column][\/et_pb_row][et_pb_row _builder_version=\u00bb4.16&#8243; background_size=\u00bbinitial\u00bb background_position=\u00bbtop_left\u00bb background_repeat=\u00bbrepeat\u00bb global_colors_info=\u00bb{}\u00bb column_structure=\u00bb1_2,1_2&#8243;][et_pb_column type=\u00bb1_2&#8243; _builder_version=\u00bb4.16&#8243; custom_padding=\u00bb|||\u00bb global_colors_info=\u00bb{}\u00bb custom_padding__hover=\u00bb|||\u00bb][et_pb_text _builder_version=\u00bb4.16&#8243; global_colors_info=\u00bb{}\u00bb]Entendemos que asistir a una visita dental puede plantear preguntas, a continuaci\u00f3n se presentan algunas de las preguntas m\u00e1s comunes que hemos encontrado en nuestros \u00faltimos 15 a\u00f1os con nuestros clientes.<br \/>\n[\/et_pb_text][\/et_pb_column][et_pb_column type=\u00bb1_2&#8243; _builder_version=\u00bb4.16&#8243; custom_padding=\u00bb|||\u00bb global_colors_info=\u00bb{}\u00bb custom_padding__hover=\u00bb|||\u00bb][et_pb_text _builder_version=\u00bb4.16&#8243; global_colors_info=\u00bb{}\u00bb]Si no ve su pregunta en la lista a continuaci\u00f3n, no dude en consultarnos. Formulario de contacto con su informaci\u00f3n y un mensaje detallado.<br \/>\n[\/et_pb_text][\/et_pb_column][\/et_pb_row][\/et_pb_section][et_pb_section fb_built=\u00bb1&#8243; _builder_version=\u00bb4.16&#8243; global_colors_info=\u00bb{}\u00bb][et_pb_row _builder_version=\u00bb4.16&#8243; background_size=\u00bbinitial\u00bb background_position=\u00bbtop_left\u00bb background_repeat=\u00bbrepeat\u00bb global_colors_info=\u00bb{}\u00bb][et_pb_column type=\u00bb4_4&#8243; _builder_version=\u00bb4.16&#8243; custom_padding=\u00bb|||\u00bb global_colors_info=\u00bb{}\u00bb custom_padding__hover=\u00bb|||\u00bb][et_pb_toggle title=\u00bb\u00bfQu\u00e9 horario tiene?\u00bb open=\u00bbon\u00bb admin_label=\u00bbWhat are your office hours?\u00bb _builder_version=\u00bb4.16&#8243; title_text_color=\u00bb#7ea1be\u00bb title_level=\u00bbh3&#8243; title_font=\u00bb|700|||||||\u00bb text_orientation=\u00bbleft\u00bb global_colors_info=\u00bb{}\u00bb]Lunes &#8211; Viernes 9:00 AM &#8211; 05:00 PM; S\u00e1bado 09:00 A; &#8211; 01:00 PM<br \/>\n[\/et_pb_toggle][et_pb_toggle title=\u00bb\u00bfA qu\u00e9 distancia de la l\u00ednea est\u00e1 su consultorio?\u00bb open=\u00bbon\u00bb admin_label=\u00bbHow far away from the border is your office? \u00bb _builder_version=\u00bb4.16&#8243; title_text_color=\u00bb#7ea1be\u00bb title_level=\u00bbh3&#8243; title_font=\u00bb|700|||||||\u00bb text_orientation=\u00bbleft\u00bb global_colors_info=\u00bb{}\u00bb]Nuestras oficinas se encuentran a dos cuadras de la l\u00ednea, unos 300 m (980 ft) que le llevaran de 4-5 minutos caminando.<br \/>\n[\/et_pb_toggle][et_pb_toggle title=\u00bb\u00bfQu\u00e9 debo llevar a mi primera cita dental?\u00bb open=\u00bbon\u00bb admin_label=\u00bbWhat should I bring with me to my first dental appointment?\u00bb _builder_version=\u00bb4.27.4&#8243; title_text_color=\u00bb#7ea1be\u00bb title_level=\u00bbh3&#8243; title_font=\u00bb|700|||||||\u00bb text_orientation=\u00bbleft\u00bb hover_enabled=\u00bb0&#8243; global_colors_info=\u00bb{}\u00bb sticky_enabled=\u00bb0&#8243;]Por favor, triga los siguientes art\u00edculos consigo a su cita:<\/p>\n<ul>\n<li>Tarjeta de seguro dental (si aplica)<\/li>\n<li>Identificaci\u00f3n como licencia de conducir, identificaci\u00f3n militar, identificaci\u00f3n estatal o identificaci\u00f3n SAIN<\/li>\n<\/ul>\n<p>[\/et_pb_toggle][et_pb_toggle title=\u00bbEn caso de no poder asistir a mi cita \u00bfcon cu\u00e1nto tiempo antes se tiene que cancelar?\u00bb open=\u00bbon\u00bb admin_label=\u00bbIn case of not being able to attend to my appointment, how much time in advance should I cancel my appointment or notify your office?  \u00bb _builder_version=\u00bb4.16&#8243; title_text_color=\u00bb#7ea1be\u00bb title_level=\u00bbh3&#8243; title_font=\u00bb|700|||||||\u00bb text_orientation=\u00bbleft\u00bb global_colors_info=\u00bb{}\u00bb]Favor de avisar 24 horas antes de su cita llamando a nuestras oficinas en horas de trabajo. De no ser posible, favor de enviarnos un mensaje a nuestro correo: <strong><u><a href=\"mailto:appt@garciadentalcare.com\">appt@garciadentalcare.com<\/a><\/u><\/strong><br \/>\n[\/et_pb_toggle][et_pb_toggle title=\u00bb\u00bfDebo ir a mi cita con un acompa\u00f1ante?\u00bb open=\u00bbon\u00bb admin_label=\u00bbShould I bring a companion to my appointment?  \u00bb _builder_version=\u00bb4.16&#8243; title_text_color=\u00bb#7ea1be\u00bb title_level=\u00bbh3&#8243; title_font=\u00bb|700|||||||\u00bb text_orientation=\u00bbleft\u00bb global_colors_info=\u00bb{}\u00bb]Se le recomendar\u00e1 seg\u00fan el tipo de procedimiento dental a realizar.<br \/>\n[\/et_pb_toggle][et_pb_toggle title=\u00bb\u00bfPuedo comer antes de mi cita?\u00bb open=\u00bbon\u00bb admin_label=\u00bbCan I eat before my appointment? \u00bb _builder_version=\u00bb4.16&#8243; title_text_color=\u00bb#7ea1be\u00bb title_level=\u00bbh3&#8243; title_font=\u00bb|700|||||||\u00bb text_orientation=\u00bbleft\u00bb global_colors_info=\u00bb{}\u00bb]<\/p>\n<p>S\u00ed.<\/p>\n<p>[\/et_pb_toggle][et_pb_toggle title=\u00bb\u00bfCu\u00e1les son las Indicaciones Post-Operatorias?\u00bb open=\u00bbon\u00bb admin_label=\u00bbWhat are the Post-Operative Indications? \u00bb _builder_version=\u00bb4.16&#8243; title_text_color=\u00bb#7ea1be\u00bb title_level=\u00bbh3&#8243; title_font=\u00bb|700|||||||\u00bb text_orientation=\u00bbleft\u00bb global_colors_info=\u00bb{}\u00bb]Para su conveniencia puede bajarlas <a href=\"https:\/\/garciadentalcare.com\/wp-content\/uploads\/2018\/06\/IND-POST-OPERATORIA-ESP.pdf\">en este link<\/a> y llevarlas con usted o dejarlas a la vista.<br \/>\n[\/et_pb_toggle][et_pb_toggle title=\u00bb\u00bfCada cu\u00e1nto tiempo se recomienda hacerse una limpieza dental?\u00bb open=\u00bbon\u00bb admin_label=\u00bbHow often should a general dental cleaning be done?  It is recommended to visit your dentist every six months for a dental cleaning.\u00bb _builder_version=\u00bb4.16&#8243; title_text_color=\u00bb#7ea1be\u00bb title_level=\u00bbh3&#8243; title_font=\u00bb|700|||||||\u00bb text_orientation=\u00bbleft\u00bb global_colors_info=\u00bb{}\u00bb]Se recomienda visitar a su dentista cada seis meses para una limpieza dental.<br \/>\n[\/et_pb_toggle][\/et_pb_column][\/et_pb_row][\/et_pb_section]<\/p>\n","protected":false},"excerpt":{"rendered":"<p>FAQ Preguntas y Respuestas Entendemos que asistir a una visita dental puede plantear preguntas, a continuaci\u00f3n se presentan algunas de las preguntas m\u00e1s comunes que hemos encontrado en nuestros \u00faltimos 15 a\u00f1os con nuestros clientes. Si no ve su pregunta en la lista a continuaci\u00f3n, no dude en consultarnos. Formulario de contacto con su informaci\u00f3n [&hellip;]<\/p>\n","protected":false},"author":1,"featured_media":0,"parent":0,"menu_order":0,"comment_status":"closed","ping_status":"closed","template":"","meta":{"_et_pb_use_builder":"on","_et_pb_old_content":"","_et_gb_content_width":"","footnotes":""},"class_list":["post-25744","page","type-page","status-publish","hentry"],"_links":{"self":[{"href":"http:\/\/garciadentalcare.com\/es\/wp-json\/wp\/v2\/pages\/25744","targetHints":{"allow":["GET"]}}],"collection":[{"href":"http:\/\/garciadentalcare.com\/es\/wp-json\/wp\/v2\/pages"}],"about":[{"href":"http:\/\/garciadentalcare.com\/es\/wp-json\/wp\/v2\/types\/page"}],"author":[{"embeddable":true,"href":"http:\/\/garciadentalcare.com\/es\/wp-json\/wp\/v2\/users\/1"}],"replies":[{"embeddable":true,"href":"http:\/\/garciadentalcare.com\/es\/wp-json\/wp\/v2\/comments?post=25744"}],"version-history":[{"count":3,"href":"http:\/\/garciadentalcare.com\/es\/wp-json\/wp\/v2\/pages\/25744\/revisions"}],"predecessor-version":[{"id":27242,"href":"http:\/\/garciadentalcare.com\/es\/wp-json\/wp\/v2\/pages\/25744\/revisions\/27242"}],"wp:attachment":[{"href":"http:\/\/garciadentalcare.com\/es\/wp-json\/wp\/v2\/media?parent=25744"}],"curies":[{"name":"wp","href":"https:\/\/api.w.org\/{rel}","templated":true}]}}