{"id":25739,"date":"2019-02-09T12:43:50","date_gmt":"2019-02-09T20:43:50","guid":{"rendered":"https:\/\/garciadentalcare.com\/citas-2\/"},"modified":"2022-12-14T12:17:41","modified_gmt":"2022-12-14T20:17:41","slug":"citas","status":"publish","type":"page","link":"http:\/\/garciadentalcare.com\/es\/citas\/","title":{"rendered":"Citas"},"content":{"rendered":"<p>[et_pb_section fb_built=\u00bb1&#8243; _builder_version=\u00bb4.16&#8243; background_color=\u00bbrgba(0,0,0,0.5)\u00bb background_image=\u00bbhttps:\/\/garciadentalcare.com\/wp-content\/uploads\/2019\/02\/PHOTO-2019-01-28-10-59-00-1.jpg\u00bb background_blend=\u00bboverlay\u00bb global_colors_info=\u00bb{}\u00bb][et_pb_row _builder_version=\u00bb4.16&#8243; global_colors_info=\u00bb{}\u00bb][et_pb_column type=\u00bb4_4&#8243; _builder_version=\u00bb4.16&#8243; custom_padding=\u00bb|||\u00bb global_colors_info=\u00bb{}\u00bb custom_padding__hover=\u00bb|||\u00bb][et_pb_divider show_divider=\u00bboff\u00bb _builder_version=\u00bb4.16&#8243; height=\u00bb400px\u00bb global_colors_info=\u00bb{}\u00bb][\/et_pb_divider][et_pb_text admin_label=\u00bbAPPOINTMENTS\u00bb _builder_version=\u00bb4.16&#8243; text_font=\u00bb|700|||||||\u00bb text_font_size=\u00bb44px\u00bb text_letter_spacing=\u00bb-2px\u00bb text_line_height=\u00bb1.1em\u00bb background_layout=\u00bbdark\u00bb global_colors_info=\u00bb{}\u00bb]CITAS<br \/>\n[\/et_pb_text][et_pb_divider color=\u00bb#7ea1be\u00bb divider_weight=\u00bb4&#8243; _builder_version=\u00bb4.16&#8243; max_width=\u00bb8%\u00bb module_alignment=\u00bbleft\u00bb global_colors_info=\u00bb{}\u00bb][\/et_pb_divider][\/et_pb_column][\/et_pb_row][\/et_pb_section][et_pb_section fb_built=\u00bb1&#8243; _builder_version=\u00bb4.16&#8243; global_colors_info=\u00bb{}\u00bb][et_pb_row column_structure=\u00bb1_2,1_2&#8243; _builder_version=\u00bb4.16&#8243; global_colors_info=\u00bb{}\u00bb][et_pb_column type=\u00bb1_2&#8243; _builder_version=\u00bb4.16&#8243; custom_padding=\u00bb|||\u00bb global_colors_info=\u00bb{}\u00bb custom_padding__hover=\u00bb|||\u00bb][et_pb_contact_form captcha=\u00bboff\u00bb email=\u00bbappt@garciadentalcare.com\u00bb title=\u00bbPida una cita en l\u00ednea\u00bb success_message=\u00bbMuchas gracias por su preferencia. Estamos procesando su petici\u00f3n. Pronto nos comunicaremos con usted para finalizar los detalles de su cita.\u00bb submit_button_text=\u00bbSolicitar Cita\u00bb admin_label=\u00bbAppointment Form\u00bb _builder_version=\u00bb4.16&#8243; _unique_id=\u00bbea44e9f0-2dc6-42f8-a0e3-29a7940c1087&#8243; custom_button=\u00bbon\u00bb button_text_color=\u00bb#ffffff\u00bb button_bg_color=\u00bb#7ea1be\u00bb button_border_width=\u00bb0&#8243; button_border_radius=\u00bb100&#8243; global_colors_info=\u00bb{}\u00bb][et_pb_contact_field field_id=\u00bbPatient\u00bb field_title=\u00bbPaciente\u00bb field_type=\u00bbradio\u00bb radio_options=\u00bb%91{%22value%22:%22New Patient%22,%22checked%22:0},{%22value%22:%22Recurrent Patient%22,%22checked%22:0}%93&#8243; fullwidth_field=\u00bbon\u00bb _builder_version=\u00bb4.16&#8243; global_colors_info=\u00bb{}\u00bb][\/et_pb_contact_field][et_pb_contact_field field_id=\u00bbName\u00bb field_title=\u00bbNombre\u00bb _builder_version=\u00bb4.16&#8243; global_colors_info=\u00bb{}\u00bb][\/et_pb_contact_field][et_pb_contact_field field_id=\u00bbEmail\u00bb field_title=\u00bbCorreo Electr\u00f3nico\u00bb field_type=\u00bbemail\u00bb _builder_version=\u00bb4.16&#8243; global_colors_info=\u00bb{}\u00bb][\/et_pb_contact_field][et_pb_contact_field field_id=\u00bbPhone\u00bb field_title=\u00bbTel\u00e9fono\u00bb fullwidth_field=\u00bbon\u00bb _builder_version=\u00bb4.16&#8243; global_colors_info=\u00bb{}\u00bb][\/et_pb_contact_field][et_pb_contact_field field_id=\u00bbBirthdate\u00bb field_title=\u00bbFecha de Nacimiento\u00bb required_mark=\u00bboff\u00bb fullwidth_field=\u00bbon\u00bb conditional_logic=\u00bbon\u00bb conditional_logic_rules=\u00bb%91{%22field%22:%22patient%22,%22condition%22:%22is%22,%22value%22:%22%22}%93&#8243; _builder_version=\u00bb4.16&#8243; global_colors_info=\u00bb{}\u00bb][\/et_pb_contact_field][et_pb_contact_field field_id=\u00bbGender\u00bb field_title=\u00bbSexo\u00bb field_type=\u00bbradio\u00bb radio_options=\u00bb%91{%22value%22:%22Female%22,%22checked%22:0},{%22value%22:%22Male%22,%22checked%22:0},{%22value%22:%22Other%22,%22checked%22:0}%93&#8243; required_mark=\u00bboff\u00bb fullwidth_field=\u00bbon\u00bb conditional_logic=\u00bbon\u00bb conditional_logic_rules=\u00bb%91{%22field%22:%22patient%22,%22condition%22:%22is%22,%22value%22:%22New Patient%22}%93&#8243; _builder_version=\u00bb4.16&#8243; global_colors_info=\u00bb{}\u00bb][\/et_pb_contact_field][et_pb_contact_field field_id=\u00bbReason\u00bb field_title=\u00bbRaz\u00f3n para su Cita\u00bb field_type=\u00bbselect\u00bb select_options=\u00bb%91{%22value%22:%22Dental revision%22,%22checked%22:0},{%22value%22:%22Emergency Appointment%22,%22checked%22:0},{%22value%22:%22Dental Cleaning%22,%22checked%22:0},{%22value%22:%22Whitening%22,%22checked%22:0},{%22value%22:%22Otro%22,%22checked%22:0}%93&#8243; fullwidth_field=\u00bbon\u00bb _builder_version=\u00bb4.16&#8243; global_colors_info=\u00bb{}\u00bb][\/et_pb_contact_field][et_pb_contact_field field_id=\u00bbmensaje\u00bb field_title=\u00bbMensaje\u00bb field_type=\u00bbtext\u00bb required_mark=\u00bboff\u00bb fullwidth_field=\u00bbon\u00bb conditional_logic=\u00bbon\u00bb conditional_logic_rules=\u00bb%91{%22field%22:%22patient%22,%22condition%22:%22is%22,%22value%22:%22%22}%93&#8243; _builder_version=\u00bb4.16&#8243; global_colors_info=\u00bb{}\u00bb][\/et_pb_contact_field][et_pb_contact_field field_id=\u00bbapp-date\u00bb field_title=\u00bbFecha para su Cita\u00bb fullwidth_field=\u00bbon\u00bb _builder_version=\u00bb4.16&#8243; global_colors_info=\u00bb{}\u00bb][\/et_pb_contact_field][\/et_pb_contact_form][\/et_pb_column][et_pb_column type=\u00bb1_2&#8243; _builder_version=\u00bb4.16&#8243; background_color=\u00bb#7ea1be\u00bb custom_padding=\u00bb|||\u00bb global_colors_info=\u00bb{}\u00bb custom_padding__hover=\u00bb|||\u00bb][et_pb_text admin_label=\u00bbContact Info\u00bb _builder_version=\u00bb4.19.3&#8243; background_layout=\u00bbdark\u00bb max_width=\u00bb80%\u00bb module_alignment=\u00bbcenter\u00bb custom_margin=\u00bb30px||30px|\u00bb hover_enabled=\u00bb0&#8243; z_index_tablet=\u00bb500&#8243; text_text_shadow_horizontal_length_tablet=\u00bb0px\u00bb text_text_shadow_vertical_length_tablet=\u00bb0px\u00bb text_text_shadow_blur_strength_tablet=\u00bb1px\u00bb link_text_shadow_horizontal_length_tablet=\u00bb0px\u00bb link_text_shadow_vertical_length_tablet=\u00bb0px\u00bb link_text_shadow_blur_strength_tablet=\u00bb1px\u00bb ul_text_shadow_horizontal_length_tablet=\u00bb0px\u00bb ul_text_shadow_vertical_length_tablet=\u00bb0px\u00bb ul_text_shadow_blur_strength_tablet=\u00bb1px\u00bb ol_text_shadow_horizontal_length_tablet=\u00bb0px\u00bb ol_text_shadow_vertical_length_tablet=\u00bb0px\u00bb ol_text_shadow_blur_strength_tablet=\u00bb1px\u00bb quote_text_shadow_horizontal_length_tablet=\u00bb0px\u00bb quote_text_shadow_vertical_length_tablet=\u00bb0px\u00bb quote_text_shadow_blur_strength_tablet=\u00bb1px\u00bb header_text_shadow_horizontal_length_tablet=\u00bb0px\u00bb header_text_shadow_vertical_length_tablet=\u00bb0px\u00bb header_text_shadow_blur_strength_tablet=\u00bb1px\u00bb header_2_text_shadow_horizontal_length_tablet=\u00bb0px\u00bb header_2_text_shadow_vertical_length_tablet=\u00bb0px\u00bb header_2_text_shadow_blur_strength_tablet=\u00bb1px\u00bb header_3_text_shadow_horizontal_length_tablet=\u00bb0px\u00bb header_3_text_shadow_vertical_length_tablet=\u00bb0px\u00bb header_3_text_shadow_blur_strength_tablet=\u00bb1px\u00bb header_4_text_shadow_horizontal_length_tablet=\u00bb0px\u00bb header_4_text_shadow_vertical_length_tablet=\u00bb0px\u00bb header_4_text_shadow_blur_strength_tablet=\u00bb1px\u00bb header_5_text_shadow_horizontal_length_tablet=\u00bb0px\u00bb header_5_text_shadow_vertical_length_tablet=\u00bb0px\u00bb header_5_text_shadow_blur_strength_tablet=\u00bb1px\u00bb header_6_text_shadow_horizontal_length_tablet=\u00bb0px\u00bb header_6_text_shadow_vertical_length_tablet=\u00bb0px\u00bb header_6_text_shadow_blur_strength_tablet=\u00bb1px\u00bb box_shadow_horizontal_tablet=\u00bb0px\u00bb box_shadow_vertical_tablet=\u00bb0px\u00bb box_shadow_blur_tablet=\u00bb40px\u00bb box_shadow_spread_tablet=\u00bb0px\u00bb global_colors_info=\u00bb{}\u00bb sticky_enabled=\u00bb0&#8243;]<\/p>\n<h2><strong>Informaci\u00f3n de Contacto<\/strong><\/h2>\n<p><strong>Domicilio:<\/strong><br \/>\nAvenida B150, Vicente Guerrero 21970<br \/>\nLos Algodones, B.C.<\/p>\n<p><strong>Correo Electr\u00f3nico:<\/strong><br \/>\n<span style=\"color: #ffffff;\"><a style=\"color: #ffffff;\" href=\"mailto:appt@garciadentalcare.com\">appt@garciadentalcare.com<\/a><\/span><\/p>\n<p><strong>Tel\u00e9fono:<\/strong><br \/>\n<span style=\"color: #ffffff;\"><a style=\"color: #ffffff;\" href=\"tel:+1-866-338-0846\">+1 (866) 338-0846<\/a><\/span><\/p>\n<p><strong>Horario Oto\u00f1o\/Invierno 2020:\u00a0<\/strong><\/p>\n<div dir=\"auto\">Lunes &#8211; S\u00e1bado: 9am &#8211; 1pm<\/div>\n<div dir=\"auto\">Domingo: Cerrado<\/div>\n<p>[\/et_pb_text][\/et_pb_column][\/et_pb_row][\/et_pb_section][et_pb_section fb_built=\u00bb1&#8243; fullwidth=\u00bbon\u00bb _builder_version=\u00bb4.16&#8243; global_colors_info=\u00bb{}\u00bb][et_pb_fullwidth_map address=\u00bbAvenida B 150, Vicente Guerrero, 21970 Los Algodones, B.C., M\u00e9xico\u00bb address_lat=\u00bb32.7157531&#8243; address_lng=\u00bb-114.72967879999999&#8243; _builder_version=\u00bb4.16&#8243; global_colors_info=\u00bb{}\u00bb][et_pb_map_pin title=\u00bbGarcia Dental Care\u00bb pin_address=\u00bbAvenida B 150, Vicente Guerrero, 21970 Los Algodones, B.C., M\u00e9xico\u00bb pin_address_lat=\u00bb32.7157531&#8243; pin_address_lng=\u00bb-114.72967879999999&#8243; _builder_version=\u00bb3.19.12&#8243; global_colors_info=\u00bb{}\u00bb]<\/p>\n<p>Avenida B150, Vicente Guerrero<br \/>21970 Los Algodones, B.C.<\/p>\n<p>[\/et_pb_map_pin][\/et_pb_fullwidth_map][\/et_pb_section]<\/p>\n","protected":false},"excerpt":{"rendered":"<p>CITAS Informaci\u00f3n de Contacto Domicilio: Avenida B150, Vicente Guerrero 21970 Los Algodones, B.C. Correo Electr\u00f3nico: appt@garciadentalcare.com Tel\u00e9fono: +1 (866) 338-0846 Horario Oto\u00f1o\/Invierno 2020:\u00a0 Lunes &#8211; S\u00e1bado: 9am &#8211; 1pm Domingo: CerradoAvenida B150, Vicente Guerrero21970 Los Algodones, B.C.<\/p>\n","protected":false},"author":1,"featured_media":0,"parent":0,"menu_order":0,"comment_status":"closed","ping_status":"closed","template":"","meta":{"_et_pb_use_builder":"on","_et_pb_old_content":"","_et_gb_content_width":"","footnotes":""},"class_list":["post-25739","page","type-page","status-publish","hentry"],"_links":{"self":[{"href":"http:\/\/garciadentalcare.com\/es\/wp-json\/wp\/v2\/pages\/25739","targetHints":{"allow":["GET"]}}],"collection":[{"href":"http:\/\/garciadentalcare.com\/es\/wp-json\/wp\/v2\/pages"}],"about":[{"href":"http:\/\/garciadentalcare.com\/es\/wp-json\/wp\/v2\/types\/page"}],"author":[{"embeddable":true,"href":"http:\/\/garciadentalcare.com\/es\/wp-json\/wp\/v2\/users\/1"}],"replies":[{"embeddable":true,"href":"http:\/\/garciadentalcare.com\/es\/wp-json\/wp\/v2\/comments?post=25739"}],"version-history":[{"count":12,"href":"http:\/\/garciadentalcare.com\/es\/wp-json\/wp\/v2\/pages\/25739\/revisions"}],"predecessor-version":[{"id":26580,"href":"http:\/\/garciadentalcare.com\/es\/wp-json\/wp\/v2\/pages\/25739\/revisions\/26580"}],"wp:attachment":[{"href":"http:\/\/garciadentalcare.com\/es\/wp-json\/wp\/v2\/media?parent=25739"}],"curies":[{"name":"wp","href":"https:\/\/api.w.org\/{rel}","templated":true}]}}