{"id":25737,"date":"2019-02-08T20:28:51","date_gmt":"2019-02-09T04:28:51","guid":{"rendered":"https:\/\/garciadentalcare.com\/bio\/"},"modified":"2019-02-19T10:59:56","modified_gmt":"2019-02-19T18:59:56","slug":"bio","status":"publish","type":"page","link":"http:\/\/garciadentalcare.com\/es\/bio\/","title":{"rendered":"Bio"},"content":{"rendered":"<p>[et_pb_section bb_built=\u00bb1&#8243; next_background_color=\u00bb#ffffff\u00bb _builder_version=\u00bb3.19.12&#8243; background_color=\u00bbrgba(0,0,0,0.5)\u00bb background_image=\u00bbhttps:\/\/garciadentalcare.com\/wp-content\/uploads\/2019\/02\/shutterstock_1014069433_web.jpg\u00bb background_blend=\u00bboverlay\u00bb][et_pb_row _builder_version=\u00bb3.19.12&#8243;][et_pb_column type=\u00bb4_4&#8243;][et_pb_divider _builder_version=\u00bb3.19.12&#8243; show_divider=\u00bboff\u00bb height=\u00bb400&#8243; \/][et_pb_text admin_label=\u00bbAre you looking for a friendly and professional service?\u00bb _builder_version=\u00bb3.19.12&#8243; text_font_size=\u00bb44px\u00bb text_font=\u00bb|700|||||||\u00bb background_layout=\u00bbdark\u00bb text_letter_spacing=\u00bb-2px\u00bb text_line_height=\u00bb1.1em\u00bb]<\/p>\n<p>BIO<\/p>\n<p>[\/et_pb_text][et_pb_divider _builder_version=\u00bb3.19.12&#8243; color=\u00bb#7ea1be\u00bb max_width=\u00bb8%\u00bb module_alignment=\u00bbleft\u00bb divider_weight=\u00bb4&#8243; \/][et_pb_text admin_label=\u00bbMeet Dr. Fernanda Garc\u00eda\u00bb _builder_version=\u00bb3.19.12&#8243; background_layout=\u00bbdark\u00bb text_font=\u00bb|300|||||||\u00bb text_font_size=\u00bb32px\u00bb]<\/p>\n<p>Dra. Fernanda Garcia<\/p>\n<p>[\/et_pb_text][\/et_pb_column][\/et_pb_row][\/et_pb_section][et_pb_section bb_built=\u00bb1&#8243; fullwidth=\u00bboff\u00bb specialty=\u00bboff\u00bb prev_background_color=\u00bbrgba(0,0,0,0.5)\u00bb][et_pb_row][et_pb_column type=\u00bb1_2&#8243;][et_pb_image _builder_version=\u00bb3.19.15&#8243; src=\u00bbhttps:\/\/garciadentalcare.com\/wp-content\/uploads\/2019\/02\/Dra-Fernanda_About-web.jpg\u00bb align=\u00bbcenter\u00bb border_radii=\u00bb|1280px|1280px|1280px|1280px\u00bb border_width_all=\u00bb3px\u00bb border_color_all=\u00bb#7fa2be\u00bb \/][\/et_pb_column][et_pb_column type=\u00bb1_2&#8243;][et_pb_text admin_label=\u00bbMeet Dr. Fernanda Garcia\u00bb _builder_version=\u00bb3.19.12&#8243; text_orientation=\u00bbjustified\u00bb header_font=\u00bb|700|||||||\u00bb header_text_color=\u00bb#7ea1be\u00bb text_font_size=\u00bb16px\u00bb header_font_size=\u00bb36px\u00bb text_font_size_last_edited=\u00bboff|tablet\u00bb]<\/p>\n<h1>Dra. Fernanda Garcia<\/h1>\n<p>Por casi 20 a\u00f1os, la Dra. Fernanda Garcia ha trabajado en el \u00e1rea de est\u00e9tica dental. Se recibi\u00f3 de la Universidad Aut\u00f3noma de Baja California en el a\u00f1o 2000, continuando con diplomados de Endodoncia y est\u00e9tica dental. Desde chica su primordial inter\u00e9s fue corregir su dentadura. Cuando para muchos usar frenos era un problema, ella sent\u00eda curiosidad e inter\u00e9s de ver como mejoraba su sonrisa.<\/p>\n<p>&nbsp;<\/p>\n<p>A la fecha, la Dra. Garcia ejerce en su consultorio privado en equipo con especialistas como periodoncista, endodoncista y cirujano maxilofacial en la ciudad tur\u00edstica de Los Algodones, B.C. Cada a\u00f1o esta ciudad recibe a m\u00e1s de 3000 personas en busca de tratamiento dental y un poco de cultura mexicana. Pacientes de Canad\u00e1, el Centro de Estados Unidos y ciudades fronterizas optan por los servicios de la Dra. Garcia en busca de la sonrisa perfecta.<\/p>\n<p>&nbsp;<\/p>\n<p>El ambiente tranquilo, decoraci\u00f3n y trato en su pr\u00e1ctica crean una experiencia c\u00f3moda y relajante a sus pacientes. \u201cEl confort y la comodidad son los distintivos de mi desempe\u00f1o en el consultorio\u201d \u2013 Dra. Fernanda Garcia.<\/p>\n<p>&nbsp;<\/p>\n<p><em>\u00abMe gusta trabajar en lo funcional, sobre todo en la oclusi\u00f3n y lo est\u00e9tico. Lo ideal es que el paciente se sienta satisfecho con su sonrisa, proyecte seguridad y en cierto modo ayude a mejorar su autoestima ya que nuestra sonrisa es una parte importante de nuestra personalidad y nuestra salud\u00bb &#8211; Dra. Fernanda Garcia.<\/em><\/p>\n<p>&nbsp;<\/p>\n<p>La familia, la cocina y cuidar de su pastor alem\u00e1n, Romina, la ayudan a tener un buen balance entre la vida en casa y el trabajo.<\/p>\n<p>[\/et_pb_text][\/et_pb_column][\/et_pb_row][\/et_pb_section]<\/p>\n","protected":false},"excerpt":{"rendered":"<p>BIO Dra. Fernanda Garcia <div class=\"et_pb_row et_pb_row_0 et_pb_row_empty\">\n\t\t\t\t\n\t\t\t\t\n\t\t\t\t\n\t\t\t\t\n\t\t\t\t\n\t\t\t<\/div> Dra. Fernanda Garcia Por casi 20 a\u00f1os, la Dra. Fernanda Garcia ha trabajado en el \u00e1rea de est\u00e9tica dental. Se recibi\u00f3 de la Universidad Aut\u00f3noma de Baja California en el a\u00f1o 2000, continuando con diplomados de Endodoncia y est\u00e9tica dental. Desde chica su primordial inter\u00e9s fue corregir su dentadura. Cuando [&hellip;]<\/p>\n","protected":false},"author":1,"featured_media":0,"parent":0,"menu_order":0,"comment_status":"closed","ping_status":"closed","template":"","meta":{"_et_pb_use_builder":"on","_et_pb_old_content":"<p>[et_pb_section bb_built=\"1\" fullwidth=\"on\" specialty=\"off\" next_background_color=\"#000000\" _builder_version=\"3.19.12\"][\/et_pb_section][et_pb_section bb_built=\"1\" prev_background_color=\"#000000\"][et_pb_row][\/et_pb_row][\/et_pb_section]<\/p>","_et_gb_content_width":"","footnotes":""},"class_list":["post-25737","page","type-page","status-publish","hentry"],"_links":{"self":[{"href":"http:\/\/garciadentalcare.com\/es\/wp-json\/wp\/v2\/pages\/25737","targetHints":{"allow":["GET"]}}],"collection":[{"href":"http:\/\/garciadentalcare.com\/es\/wp-json\/wp\/v2\/pages"}],"about":[{"href":"http:\/\/garciadentalcare.com\/es\/wp-json\/wp\/v2\/types\/page"}],"author":[{"embeddable":true,"href":"http:\/\/garciadentalcare.com\/es\/wp-json\/wp\/v2\/users\/1"}],"replies":[{"embeddable":true,"href":"http:\/\/garciadentalcare.com\/es\/wp-json\/wp\/v2\/comments?post=25737"}],"version-history":[{"count":2,"href":"http:\/\/garciadentalcare.com\/es\/wp-json\/wp\/v2\/pages\/25737\/revisions"}],"predecessor-version":[{"id":25830,"href":"http:\/\/garciadentalcare.com\/es\/wp-json\/wp\/v2\/pages\/25737\/revisions\/25830"}],"wp:attachment":[{"href":"http:\/\/garciadentalcare.com\/es\/wp-json\/wp\/v2\/media?parent=25737"}],"curies":[{"name":"wp","href":"https:\/\/api.w.org\/{rel}","templated":true}]}}